{"id":10678,"date":"2025-03-10T13:07:10","date_gmt":"2025-03-10T13:07:10","guid":{"rendered":"http:\/\/freelancer.dz\/?page_id=10678"},"modified":"2025-03-10T13:07:10","modified_gmt":"2025-03-10T13:07:10","slug":"terms-fr","status":"publish","type":"page","link":"https:\/\/freelancer.dz\/index.php\/terms-fr\/","title":{"rendered":"Terms FR"},"content":{"rendered":"\t\t<div data-elementor-type=\"wp-page\" data-elementor-id=\"10678\" class=\"elementor elementor-10678\">\n\t\t\t\t\t\t<section class=\"elementor-section elementor-top-section elementor-element elementor-element-c046381 elementor-section-stretched elementor-section-boxed elementor-section-height-default elementor-section-height-default\" data-id=\"c046381\" data-element_type=\"section\" data-e-type=\"section\" data-settings=\"{&quot;stretch_section&quot;:&quot;section-stretched&quot;}\">\n\t\t\t\t\t\t<div class=\"elementor-container elementor-column-gap-extended\">\n\t\t\t\t\t<div class=\"elementor-column elementor-col-100 elementor-top-column elementor-element elementor-element-3ca3a21 elementor-invisible\" data-id=\"3ca3a21\" data-element_type=\"column\" data-e-type=\"column\" data-settings=\"{&quot;animation&quot;:&quot;slide-up&quot;}\">\n\t\t\t<div class=\"elementor-widget-wrap elementor-element-populated\">\n\t\t\t\t\t\t<div class=\"elementor-element elementor-element-2f0b6d8 elementor-widget elementor-widget-heading\" data-id=\"2f0b6d8\" data-element_type=\"widget\" data-e-type=\"widget\" data-widget_type=\"heading.default\">\n\t\t\t\t<div class=\"elementor-widget-container\">\n\t\t\t\t\t<h2 class=\"elementor-heading-title elementor-size-default\">Terms and Conditions<\/h2>\t\t\t\t<\/div>\n\t\t\t\t<\/div>\n\t\t\t\t\t<\/div>\n\t\t<\/div>\n\t\t\t\t\t<\/div>\n\t\t<\/section>\n\t\t\t\t<section class=\"elementor-section elementor-top-section elementor-element elementor-element-cbd9b0b elementor-section-stretched elementor-section-boxed elementor-section-height-default elementor-section-height-default\" data-id=\"cbd9b0b\" data-element_type=\"section\" data-e-type=\"section\" data-settings=\"{&quot;stretch_section&quot;:&quot;section-stretched&quot;}\">\n\t\t\t\t\t\t<div class=\"elementor-container elementor-column-gap-extended\">\n\t\t\t\t\t<div class=\"elementor-column elementor-col-100 elementor-top-column elementor-element elementor-element-69a5ff3 elementor-invisible\" data-id=\"69a5ff3\" data-element_type=\"column\" data-e-type=\"column\" data-settings=\"{&quot;animation&quot;:&quot;slide-up&quot;,&quot;animation_delay&quot;:300}\">\n\t\t\t<div class=\"elementor-widget-wrap elementor-element-populated\">\n\t\t\t\t\t\t<div class=\"elementor-element elementor-element-c6407ff elementor-widget elementor-widget-heading\" data-id=\"c6407ff\" data-element_type=\"widget\" data-e-type=\"widget\" data-widget_type=\"heading.default\">\n\t\t\t\t<div class=\"elementor-widget-container\">\n\t\t\t\t\t<h2 class=\"elementor-heading-title elementor-size-default\">Conditions d\u2019utilisation<\/h2>\t\t\t\t<\/div>\n\t\t\t\t<\/div>\n\t\t\t\t<div class=\"elementor-element elementor-element-aaa8b21 elementor-widget elementor-widget-text-editor\" data-id=\"aaa8b21\" data-element_type=\"widget\" data-e-type=\"widget\" data-widget_type=\"text-editor.default\">\n\t\t\t\t<div class=\"elementor-widget-container\">\n\t\t\t\t\t\t\t\t\t<p>Bienvenue sur Freelancer.dz. Freelancer.dz est une plateforme qui permet \u00e0 toute personne de r\u00e9aliser ses projets pour pas cher, rapidement, et en toute confiance, gr\u00e2ce aux services de freelances alg\u00e9riens.<\/p><p>Les pr\u00e9sentes pages contiennent les termes et conditions selon lesquelles vous pouvez utiliser Freelancer.dz. Veuillez lire attentivement les pr\u00e9sentes pages.<\/p><p>Tout acc\u00e8s et\/ou utilisation du site www.freelancer.dz suppose l\u2019acceptation et le respect de l\u2019ensemble des termes des pr\u00e9sentes conditions et leur acceptation inconditionnelle. Elles constituent donc un contrat entre le service et l\u2019utilisateur.<\/p><p>Dans le cas o\u00f9 l\u2019utilisateur ne souhaite pas accepter tout ou partie des pr\u00e9sentes conditions g\u00e9n\u00e9rales, il lui est demand\u00e9 de renoncer \u00e0 tout usage du service.<\/p><p>Nos services sont r\u00e9serv\u00e9s aux personnes juridiquement capables de souscrire des contrats en droit alg\u00e9rien. Nos services ne sont pas disponibles pour les mineurs de moins de 19 ans. Si vous ne remplissez pas ces conditions, vous ne devez pas utiliser nos services.<\/p><p>Notre service client est disponible du dimanche au jeudi, entre 9h \u00e0 16h. Si vous avez une quelconque question concernant les conditions d\u2019utilisation ou une toute autre r\u00e9clamation, veuillez nous contacter sur l\u2019adresse email : contact@freelancer.dz.<\/p>\t\t\t\t\t\t\t\t<\/div>\n\t\t\t\t<\/div>\n\t\t\t\t\t<\/div>\n\t\t<\/div>\n\t\t\t\t\t<\/div>\n\t\t<\/section>\n\t\t\t\t<section class=\"elementor-section elementor-top-section elementor-element elementor-element-5e07be4 elementor-section-stretched elementor-section-boxed elementor-section-height-default elementor-section-height-default\" data-id=\"5e07be4\" data-element_type=\"section\" data-e-type=\"section\" data-settings=\"{&quot;stretch_section&quot;:&quot;section-stretched&quot;}\">\n\t\t\t\t\t\t<div class=\"elementor-container elementor-column-gap-extended\">\n\t\t\t\t\t<div class=\"elementor-column elementor-col-100 elementor-top-column elementor-element elementor-element-0de0bf2 elementor-invisible\" data-id=\"0de0bf2\" data-element_type=\"column\" data-e-type=\"column\" data-settings=\"{&quot;animation&quot;:&quot;slide-up&quot;,&quot;animation_delay&quot;:500}\">\n\t\t\t<div class=\"elementor-widget-wrap elementor-element-populated\">\n\t\t\t\t\t\t<div class=\"elementor-element elementor-element-648ca62 elementor-widget elementor-widget-heading\" data-id=\"648ca62\" data-element_type=\"widget\" data-e-type=\"widget\" data-widget_type=\"heading.default\">\n\t\t\t\t<div class=\"elementor-widget-container\">\n\t\t\t\t\t<h2 class=\"elementor-heading-title elementor-size-default\">D\u00e9finitions<\/h2>\t\t\t\t<\/div>\n\t\t\t\t<\/div>\n\t\t\t\t<div class=\"elementor-element elementor-element-e9864fb elementor-widget elementor-widget-text-editor\" data-id=\"e9864fb\" data-element_type=\"widget\" data-e-type=\"widget\" data-widget_type=\"text-editor.default\">\n\t\t\t\t<div class=\"elementor-widget-container\">\n\t\t\t\t\t\t\t\t\t<p><strong>Freelance<\/strong> : toute personne ind\u00e9pendante pouvant offrir un service.<\/p><p><b>Employeur <\/b>: toute personne ayant un besoin et souhaitant faire appel aux services d\u2019un freelance.<\/p><p><strong>Service<\/strong> : tout travail que peut offrir un freelance.<\/p><p><strong>Service Extra<\/strong>: un travail en plus qui n\u2019est pas compt\u00e9 dans le service de base.<\/p><p><b>Projet<\/b>: la commande que peut faire un client si son besoin le requiert.<\/p><p><strong>Profil<\/strong> : l\u2019espace personnel de l\u2019utilisateur du site Freelancer.dz. Peut \u00eatre un freelance ou un client.<\/p><p><strong>Tags<\/strong> : mots cl\u00e9s d\u00e9signant la nature du service.<\/p><p><strong>Poster un service<\/strong> : l\u2019action qui permet de poster un service en tant que freelance.<\/p><p><strong>M\u00e9thode de paiement<\/strong> : la m\u00e9thode choisie permettant aux freelances de recevoir leur argent.<\/p><p><strong>Recettes<\/strong> : le gain du freelance.<\/p><p><strong>Solde :<\/strong> la somme totale des gains du freelance.<\/p><p><strong>Mes commandes<\/strong> : les services que le client a demand\u00e9s.<\/p><p><strong>Mes t\u00e2ches<\/strong> : les services que le freelance doit compl\u00e9ter.<\/p><p><strong>ACTIF<\/strong> : service en cours.<\/p><p><strong>ACHEV\u00c9<\/strong> : service termin\u00e9.<\/p>\t\t\t\t\t\t\t\t<\/div>\n\t\t\t\t<\/div>\n\t\t\t\t\t<\/div>\n\t\t<\/div>\n\t\t\t\t\t<\/div>\n\t\t<\/section>\n\t\t\t\t<section class=\"elementor-section elementor-top-section elementor-element elementor-element-a5a39cd elementor-section-stretched elementor-section-boxed elementor-section-height-default elementor-section-height-default\" data-id=\"a5a39cd\" data-element_type=\"section\" data-e-type=\"section\" data-settings=\"{&quot;stretch_section&quot;:&quot;section-stretched&quot;}\">\n\t\t\t\t\t\t<div class=\"elementor-container elementor-column-gap-extended\">\n\t\t\t\t\t<div class=\"elementor-column elementor-col-100 elementor-top-column elementor-element elementor-element-472a587 elementor-invisible\" data-id=\"472a587\" data-element_type=\"column\" data-e-type=\"column\" data-settings=\"{&quot;animation&quot;:&quot;slide-up&quot;}\">\n\t\t\t<div class=\"elementor-widget-wrap elementor-element-populated\">\n\t\t\t\t\t\t<div class=\"elementor-element elementor-element-118bd0d elementor-widget elementor-widget-heading\" data-id=\"118bd0d\" data-element_type=\"widget\" data-e-type=\"widget\" data-widget_type=\"heading.default\">\n\t\t\t\t<div class=\"elementor-widget-container\">\n\t\t\t\t\t<h2 class=\"elementor-heading-title elementor-size-default\">Conditions g\u00e9n\u00e9rales<\/h2>\t\t\t\t<\/div>\n\t\t\t\t<\/div>\n\t\t\t\t<div class=\"elementor-element elementor-element-08e2005 elementor-widget elementor-widget-text-editor\" data-id=\"08e2005\" data-element_type=\"widget\" data-e-type=\"widget\" data-widget_type=\"text-editor.default\">\n\t\t\t\t<div class=\"elementor-widget-container\">\n\t\t\t\t\t\t\t\t\t<p>\u00a0<\/p><p>Veuillez utiliser une adresse email que vous utilisez fr\u00e9quemment. Elle sera utilis\u00e9e pour vous notifier lors de la r\u00e9ception de messages, commandes, etc.<\/p><p>Seuls les membres inscrits sur Freelancer.dz peuvent acheter ou vendre des services. L\u2019inscription est gratuite.<\/p><p>Pour des raisons de s\u00e9curit\u00e9 \u00e9videntes, toute communication ainsi que l\u2019envoi des fichiers entre les utilisateurs devra passer par la plateforme Freelancer.dz. En cas de litige, l\u2019administration pourra alors d\u00e9signer un gagnant si une contestation est demand\u00e9e par un des utilisateurs : rembourser le client \/ payer le freelance.<\/p><p>Pour donner plus de pr\u00e9cision, le nom du service doit commencer par \u00ab\u00a0Je vais\u2026\u00a0\u00bb suivi du service en question.<\/p><p>Pour assurer la qualit\u00e9 de nos services et la confiance de nos clients lors du choix du freelance, le syst\u00e8me d\u00e9valuation ne permet qu\u2019aux clients confirm\u00e9s (qui ont command\u00e9 un service) de pouvoir noter le service et d\u2019\u00e9crire un avis.<\/p><p>Dans le cas o\u00f9 les utilisateurs communiquent en dehors de la messagerie de Freelancer.dz, tous les termes accept\u00e9s entre les utilisateurs doivent \u00eatre confirm\u00e9s par \u00e9crit \u00e0 l\u2019aide du chat.<\/p><p>La page d\u2019accueil contiendra les services avec la meilleure \u00e9valuation.<\/p><p>Le prix de base des services commence \u00e0 2500 DA. Cependant, le client peut envoyer une commande personnalis\u00e9e avec un prix inf\u00e9rieur s\u2019il juge le prix du service trop \u00e9lev\u00e9. Le prix de certains services peut d\u00e9passer les 300000 DA et est d\u00e9termin\u00e9 par le freelance.<\/p><p>Freelancer.dz ne peut \u00eatre tenue pour responsable des paroles de ses affili\u00e9s.<\/p><p>Les acheteurs paient la totalit\u00e9 sur le compte de Freelancer.dz en avance pour cr\u00e9er une commande.<\/p><p>Les services sont achet\u00e9s en cliquant sur le bouton \u00ab\u00a0COMMANDER\u00a0\u00bb.<\/p><p>N\u00e9anmoins, nous ne nous portons pas garants pour la qualit\u00e9 du service fourni.<\/p><p>Freelancer.dz s\u2019engage \u00e0 rembourser ses clients (\u00e0 hauteur de 87%) \u00e0 la demande pour les deux raisons suivantes :<\/p><p>le freelance d\u00e9passe le d\u00e9lai de livraison pr\u00e9vu.<\/p><p>La commande re\u00e7ue ne correspond pas \u00e0 la description du service command\u00e9.<\/p>\t\t\t\t\t\t\t\t<\/div>\n\t\t\t\t<\/div>\n\t\t\t\t\t<\/div>\n\t\t<\/div>\n\t\t\t\t\t<\/div>\n\t\t<\/section>\n\t\t\t\t<section class=\"elementor-section elementor-top-section elementor-element elementor-element-df1bc6a elementor-section-stretched elementor-section-boxed elementor-section-height-default elementor-section-height-default\" data-id=\"df1bc6a\" data-element_type=\"section\" data-e-type=\"section\" data-settings=\"{&quot;stretch_section&quot;:&quot;section-stretched&quot;}\">\n\t\t\t\t\t\t<div class=\"elementor-container elementor-column-gap-extended\">\n\t\t\t\t\t<div class=\"elementor-column elementor-col-100 elementor-top-column elementor-element elementor-element-34fd6a6 elementor-invisible\" data-id=\"34fd6a6\" data-element_type=\"column\" data-e-type=\"column\" data-settings=\"{&quot;animation&quot;:&quot;slide-up&quot;}\">\n\t\t\t<div class=\"elementor-widget-wrap elementor-element-populated\">\n\t\t\t\t\t\t<div class=\"elementor-element elementor-element-a93aec8 elementor-widget elementor-widget-heading\" data-id=\"a93aec8\" data-element_type=\"widget\" data-e-type=\"widget\" data-widget_type=\"heading.default\">\n\t\t\t\t<div class=\"elementor-widget-container\">\n\t\t\t\t\t<h2 class=\"elementor-heading-title elementor-size-default\">Note:<\/h2>\t\t\t\t<\/div>\n\t\t\t\t<\/div>\n\t\t\t\t<div class=\"elementor-element elementor-element-03d92b3 elementor-widget elementor-widget-text-editor\" data-id=\"03d92b3\" data-element_type=\"widget\" data-e-type=\"widget\" data-widget_type=\"text-editor.default\">\n\t\t\t\t<div class=\"elementor-widget-container\">\n\t\t\t\t\t\t\t\t\t<p>Si le client viole une ou plusieurs r\u00e8gles concernant le bon fonctionnement de Freelancer.dz, le taux de son remboursement sera variable (selon les cas). (Les frais de paiement CCP ne sont pas inclus lors du remboursement).<\/p><p>Les freelances doivent travailler sur les commandes et ne pas annuler les commandes re\u00e7ues sans raisons cr\u00e9dibles, au risque de se faire une mauvaise r\u00e9putation parmi les clients.<\/p><p>Le passage du statut des freelances aux niveaux sup\u00e9rieurs est calcul\u00e9 sur la base de leur chiffre d\u2019affaires r\u00e9alis\u00e9.<\/p><p>Les utilisateurs ne peuvent pas offrir ou accepter des paiements en dehors de la plateforme Freelancer.dz. Dans le cas contraire, l\u2019administration se r\u00e9serve le droit de supprimer les comptes des utilisateurs ne respectant pas cette condition.<\/p><p>Les utilisateurs ne peuvent pas s\u00e9changer des moyens de contacts en dehors de la plateforme Freelancer.dz. Dans le cas contraire, nous d\u00e9clinons toute responsabilit\u00e9 dans le cas o\u00f9 le client ou le freelance se font arnaquer.<\/p><p>Les acheteurs se voient accord\u00e9s tous les droits pour le travail livr\u00e9, sauf indication contraire par le freelance sur sa page du service.<\/p>\t\t\t\t\t\t\t\t<\/div>\n\t\t\t\t<\/div>\n\t\t\t\t\t<\/div>\n\t\t<\/div>\n\t\t\t\t\t<\/div>\n\t\t<\/section>\n\t\t\t\t<\/div>\n\t\t","protected":false},"excerpt":{"rendered":"<p>Terms and Conditions Conditions d\u2019utilisation Bienvenue sur Freelancer.dz. Freelancer.dz est une plateforme qui permet \u00e0 toute personne de r\u00e9aliser ses projets pour pas cher, rapidement, et en toute confiance, gr\u00e2ce aux services de freelances alg\u00e9riens. Les pr\u00e9sentes pages contiennent les termes et conditions selon lesquelles vous pouvez utiliser Freelancer.dz. Veuillez lire attentivement les pr\u00e9sentes pages. [&hellip;]<\/p>\n","protected":false},"author":1,"featured_media":0,"parent":0,"menu_order":0,"comment_status":"closed","ping_status":"closed","template":"","meta":{"footnotes":""},"class_list":["post-10678","page","type-page","status-publish","hentry"],"aioseo_notices":[],"_links":{"self":[{"href":"https:\/\/freelancer.dz\/index.php\/wp-json\/wp\/v2\/pages\/10678","targetHints":{"allow":["GET"]}}],"collection":[{"href":"https:\/\/freelancer.dz\/index.php\/wp-json\/wp\/v2\/pages"}],"about":[{"href":"https:\/\/freelancer.dz\/index.php\/wp-json\/wp\/v2\/types\/page"}],"author":[{"embeddable":true,"href":"https:\/\/freelancer.dz\/index.php\/wp-json\/wp\/v2\/users\/1"}],"replies":[{"embeddable":true,"href":"https:\/\/freelancer.dz\/index.php\/wp-json\/wp\/v2\/comments?post=10678"}],"version-history":[{"count":1,"href":"https:\/\/freelancer.dz\/index.php\/wp-json\/wp\/v2\/pages\/10678\/revisions"}],"predecessor-version":[{"id":10687,"href":"https:\/\/freelancer.dz\/index.php\/wp-json\/wp\/v2\/pages\/10678\/revisions\/10687"}],"wp:attachment":[{"href":"https:\/\/freelancer.dz\/index.php\/wp-json\/wp\/v2\/media?parent=10678"}],"curies":[{"name":"wp","href":"https:\/\/api.w.org\/{rel}","templated":true}]}}